{"id":25,"date":"2013-08-01T14:25:21","date_gmt":"2013-08-01T14:25:21","guid":{"rendered":"https:\/\/multiculturale.it\/kuminda\/?page_id=25"},"modified":"2016-09-23T10:59:29","modified_gmt":"2016-09-23T09:59:29","slug":"volontari","status":"publish","type":"page","link":"https:\/\/multiculturale.it\/kuminda\/volontari\/","title":{"rendered":"Volontari"},"content":{"rendered":"<p><strong><a href=\"https:\/\/multiculturale.it\/kuminda\/wp-content\/uploads\/2013\/08\/volontari1.jpg\"><img loading=\"lazy\" class=\"alignright wp-image-313\" title=\"Pronte al lavoro...\" src=\"https:\/\/multiculturale.it\/kuminda\/wp-content\/uploads\/2013\/08\/volontari1.jpg\" alt=\"Pronte al lavoro...\" width=\"240\" height=\"223\" \/><\/a> A Kuminda come volontario?<\/strong> Un appello dal festival del diritto al cibo che cerca volontari per la sua buona riuscita.<\/p>\n<p>Attivati anche tu per dare una mano durante \u00a0 :<\/p>\n<ol>\n<li><strong>le attivit\u00e0 con le scuole<\/strong>: i volontari accompagneranno le classi attraverso i percorsi tematici prestabiliti e le affiancheranno durante i workshop pratici. Ogni classe che parteciper\u00e0 avr\u00e0 precedentemente prenotato le attivit\u00e0 da svolgere e sar\u00e0 accompagnata dagli insegnanti. Oltre alla ottima conoscenza di percorsi e workshop facenti parte del progetto scuole, \u00e8\u00a0ovviamente richiesta pazienza e predisposizione nei rapporti con i ragazzi.<\/li>\n<li><strong>gli incontri \/spettacoli<\/strong>: si svolgeranno incontri, workshop, convegni e spettacoli. I volontari addetti a questa attivit\u00e0, si assicureranno che\u00a0 le sale\u00a0 siano debitamente attrezzate prima di ogni incontro, di accogliere i i partecipanti e di tenere i tempi per i relatori. \u00c8 indispensabile avere un&#8217;ottima conoscenza del programma culturale di Kuminda, nonch\u00e9 delle specifiche tecniche richieste volta per volta.<\/li>\n<\/ol>\n<p><strong><a href=\"https:\/\/multiculturale.it\/kuminda\/wp-content\/uploads\/2013\/08\/volontari2.jpg\"><img loading=\"lazy\" class=\" wp-image-314 alignleft\" style=\"margin-right: 20px;\" title=\"Volontari Kuminda in azione!\" src=\"https:\/\/multiculturale.it\/kuminda\/wp-content\/uploads\/2013\/08\/volontari2.jpg\" alt=\"Volontari Kuminda in azione!\" width=\"315\" height=\"200\" srcset=\"https:\/\/multiculturale.it\/kuminda\/wp-content\/uploads\/2013\/08\/volontari2.jpg 394w, https:\/\/multiculturale.it\/kuminda\/wp-content\/uploads\/2013\/08\/volontari2-300x190.jpg 300w\" sizes=\"(max-width: 315px) 100vw, 315px\" \/><\/a><\/strong><\/p>\n<p>Se hai dei dubbi o vuoi avere maggiori informazioni:<br \/>\n<strong>Francesca e Rosanna<\/strong>\u00a0Tel. 0521.228330 \u00a0<b>info@kuminda.org\u00a0<\/b><\/p>\n<p>&nbsp;<\/p>\n<p>&nbsp;<\/p>\n","protected":false},"excerpt":{"rendered":"<p>A Kuminda come volontario? Un appello dal festival del diritto al cibo che cerca volontari per la sua buona riuscita. Attivati anche tu per dare una mano durante \u00a0 : le attivit\u00e0 con le scuole: i volontari accompagneranno le classi attraverso i percorsi tematici prestabiliti e le affiancheranno durante i workshop pratici. Ogni classe che<\/p>\n","protected":false},"author":7,"featured_media":0,"parent":0,"menu_order":0,"comment_status":"closed","ping_status":"closed","template":"","meta":[],"_links":{"self":[{"href":"https:\/\/multiculturale.it\/kuminda\/wp-json\/wp\/v2\/pages\/25"}],"collection":[{"href":"https:\/\/multiculturale.it\/kuminda\/wp-json\/wp\/v2\/pages"}],"about":[{"href":"https:\/\/multiculturale.it\/kuminda\/wp-json\/wp\/v2\/types\/page"}],"author":[{"embeddable":true,"href":"https:\/\/multiculturale.it\/kuminda\/wp-json\/wp\/v2\/users\/7"}],"replies":[{"embeddable":true,"href":"https:\/\/multiculturale.it\/kuminda\/wp-json\/wp\/v2\/comments?post=25"}],"version-history":[{"count":36,"href":"https:\/\/multiculturale.it\/kuminda\/wp-json\/wp\/v2\/pages\/25\/revisions"}],"predecessor-version":[{"id":3064,"href":"https:\/\/multiculturale.it\/kuminda\/wp-json\/wp\/v2\/pages\/25\/revisions\/3064"}],"wp:attachment":[{"href":"https:\/\/multiculturale.it\/kuminda\/wp-json\/wp\/v2\/media?parent=25"}],"curies":[{"name":"wp","href":"https:\/\/api.w.org\/{rel}","templated":true}]}}